{"id":144,"date":"2015-05-30T21:48:19","date_gmt":"2015-05-30T21:48:19","guid":{"rendered":"http:\/\/total.wpexplorer.com\/samus\/?page_id=6"},"modified":"2025-04-14T10:04:42","modified_gmt":"2025-04-14T10:04:42","slug":"contactos","status":"publish","type":"page","link":"https:\/\/www.mariomarqueshoteleiros.com\/en\/contactos\/","title":{"rendered":"Contact"},"content":{"rendered":"<div class=\"wpb-content-wrapper\"><div class=\"vc_row wpb_row vc_row-fluid vc_custom_1710203562693 wpex-vc-full-width-row wpex-vc-full-width-row--centered wpex-relative wpex-vc_row-has-fill wpex-vc-reset-negative-margin\"><div class=\"wpb_column vc_column_container vc_col-sm-12\"><div class=\"vc_column-inner\"><div class=\"wpb_wrapper\"><div class=\"vc_row wpb_row vc_inner vc_row-fluid wpex-relative\"><div class=\"wpb_column vc_column_container vc_col-sm-12\"><div class=\"vc_column-inner\"><div class=\"wpb_wrapper\"><style>.vcex-heading.vcex_69ee0632a2148{color:#ffffff;font-size:24px;}<\/style><div class=\"vcex-heading vcex-heading-plain vcex-module wpex-heading wpex-text-2xl wpex-text-center vcex_69ee0632a2148\"><span class=\"vcex-heading-inner wpex-inline-block\">Contact<\/span><\/div><\/div><\/div><\/div><\/div><div class=\"wpb_gmaps_widget wpb_content_element\"><div class=\"wpb_wrapper\"><div class=\"wpb_map_wraper\"><iframe src=\"https:\/\/www.google.com\/maps\/embed?pb=!1m18!1m12!1m3!1d3102.7427720506175!2d-7.684507525241971!3d38.95270444344088!2m3!1f0!2f0!3f0!3m2!1i1024!2i768!4f13.1!3m3!1m2!1s0xd177ba2a992f12f%3A0x8b0dbea034f3da38!2zTU0gQ2Fmw6lz!5e0!3m2!1spt-PT!2spt!4v1710201588068!5m2!1spt-PT!2spt\" width=\"600\" height=\"450\" style=\"border:0;\" allowfullscreen=\"\" loading=\"lazy\" referrerpolicy=\"no-referrer-when-downgrade\"><\/iframe><\/div><\/div><\/div><\/div><\/div><\/div><\/div><div class=\"vc_row wpb_row vc_row-fluid vc_custom_1489784419248 wpex-vc-full-width-row wpex-vc-full-width-row--centered wpex-relative\"><div class=\"wpb_column vc_column_container vc_col-sm-8\"><div class=\"vc_column-inner\"><div class=\"wpb_wrapper\"><div class=\"vcex-spacing wpex-w-100 wpex-clear\" style=\"height:10px;\"><\/div><div class=\"vcex-module vcex-divider vcex-divider-solid vcex-divider-center wpex-mx-auto wpex-max-w-100 wpex-block wpex-h-0 wpex-border-b wpex-border-solid wpex-border-main\" style=\"width:40px;margin-block:30px;border-bottom-width:2px;\"><\/div><style id=\"wpforms-css-vars-2450\">\n\t\t\t\t#wpforms-2450 {\n\t\t\t\t\n\t\t\t}\n\t\t\t<\/style><div class=\"wpforms-container wpforms-container-full wpforms-render-modern\" id=\"wpforms-2450\"><form id=\"wpforms-form-2450\" class=\"wpforms-validate wpforms-form wpforms-ajax-form\" data-formid=\"2450\" method=\"post\" enctype=\"multipart\/form-data\" action=\"\/en\/wp-json\/wp\/v2\/pages\/144\" data-token=\"52eaa1c0a0e1ecaaed7fa452f44fb7a7\" data-token-time=\"1777206834\" data-trp-original-action=\"\/en\/wp-json\/wp\/v2\/pages\/144\"><noscript class=\"wpforms-error-noscript\">Please enable JavaScript in your browser to complete this form.<\/noscript><div id=\"wpforms-error-noscript\" style=\"display: none;\">Please enable JavaScript in your browser to complete this form.<\/div><div class=\"wpforms-field-container\"><div id=\"wpforms-2450-field_1-container\" class=\"wpforms-field wpforms-field-name\" data-field-id=\"1\"><label class=\"wpforms-field-label\" for=\"wpforms-2450-field_1\">Nome <span class=\"wpforms-required-label\" aria-hidden=\"true\">*<\/span><\/label><input type=\"text\" id=\"wpforms-2450-field_1\" class=\"wpforms-field-medium wpforms-field-required\" name=\"wpforms[fields][1]\" aria-errormessage=\"wpforms-2450-field_1-error\" required><\/div>\t\t<div id=\"wpforms-2450-field_4-container\"\n\t\t\tclass=\"wpforms-field wpforms-field-text\"\n\t\t\tdata-field-type=\"text\"\n\t\t\tdata-field-id=\"4\"\n\t\t\t>\n\t\t\t<label class=\"wpforms-field-label\" for=\"wpforms-2450-field_4\" >ou Nome Coment\u00e1rio<\/label>\n\t\t\t<input type=\"text\" id=\"wpforms-2450-field_4\" class=\"wpforms-field-medium\" name=\"wpforms[fields][4]\" >\n\t\t<\/div>\n\t\t<div id=\"wpforms-2450-field_2-container\" class=\"wpforms-field wpforms-field-email\" data-field-id=\"2\"><label class=\"wpforms-field-label\" for=\"wpforms-2450-field_2\">Email <span class=\"wpforms-required-label\" aria-hidden=\"true\">*<\/span><\/label><input type=\"email\" id=\"wpforms-2450-field_2\" class=\"wpforms-field-medium wpforms-field-required\" name=\"wpforms[fields][2]\" spellcheck=\"false\" aria-errormessage=\"wpforms-2450-field_2-error\" required><\/div><div id=\"wpforms-2450-field_3-container\" class=\"wpforms-field wpforms-field-textarea\" data-field-id=\"3\"><label class=\"wpforms-field-label\" for=\"wpforms-2450-field_3\">Coment\u00e1rio ou Mensagem <span class=\"wpforms-required-label\" aria-hidden=\"true\">*<\/span><\/label><textarea id=\"wpforms-2450-field_3\" class=\"wpforms-field-medium wpforms-field-required\" name=\"wpforms[fields][3]\" aria-errormessage=\"wpforms-2450-field_3-error\" required><\/textarea><\/div><script>\n\t\t\t\t( function() {\n\t\t\t\t\tconst style = document.createElement( 'style' );\n\t\t\t\t\tstyle.appendChild( document.createTextNode( '#wpforms-2450-field_4-container { position: absolute !important; overflow: hidden !important; display: inline !important; height: 1px !important; width: 1px !important; z-index: -1000 !important; padding: 0 !important; } #wpforms-2450-field_4-container input { visibility: hidden; } #wpforms-conversational-form-page #wpforms-2450-field_4-container label { counter-increment: none; }' ) );\n\t\t\t\t\tdocument.head.appendChild( style );\n\t\t\t\t\tdocument.currentScript?.remove();\n\t\t\t\t} )();\n\t\t\t<\/script><\/div><!-- .wpforms-field-container --><div class=\"wpforms-recaptcha-container wpforms-is-turnstile\" ><div class=\"cf-turnstile\" data-sitekey=\"0x4AAAAAABLe_YzXQMXWhmzb\" data-action=\"FormID-2450\"><\/div><input type=\"text\" name=\"g-recaptcha-hidden\" class=\"wpforms-recaptcha-hidden\" style=\"position:absolute!important;clip:rect(0,0,0,0)!important;height:1px!important;width:1px!important;border:0!important;overflow:hidden!important;padding:0!important;margin:0!important;\" data-rule-turnstile=\"1\"><\/div><div class=\"wpforms-submit-container\" ><input type=\"hidden\" name=\"wpforms[id]\" value=\"2450\"><input type=\"hidden\" name=\"page_title\" value=\"\"><input type=\"hidden\" name=\"page_url\" value=\"https:\/\/www.mariomarqueshoteleiros.com\/en\/wp-json\/wp\/v2\/pages\/144\"><input type=\"hidden\" name=\"url_referer\" value=\"\"><button type=\"submit\" name=\"wpforms[submit]\" id=\"wpforms-submit-2450\" class=\"wpforms-submit\" data-alt-text=\"a enviar...\" data-submit-text=\"Submeter\" aria-live=\"assertive\" value=\"wpforms-submit\">Submeter<\/button><img src=\"https:\/\/www.mariomarqueshoteleiros.com\/wp-content\/plugins\/wpforms-lite\/assets\/images\/submit-spin.svg\" class=\"wpforms-submit-spinner\" style=\"display: none;\" width=\"26\" height=\"26\" alt=\"Loading\"><\/div><input type=\"hidden\" name=\"trp-form-language\" value=\"en\"\/><\/form><\/div>  <!-- .wpforms-container --><\/div><\/div><\/div><div class=\"wpb_column vc_column_container vc_col-sm-4\"><div class=\"vc_column-inner\"><div class=\"wpb_wrapper\"><style>.vcex-icon-box.vcex_69ee0632a7127 .vcex-icon-box-image{width:110px;}<\/style><div class=\"vcex-module vcex-icon-box vcex-icon-box-two wpex-block wpex-text-center vcex_69ee0632a7127\"><div class=\"vcex-icon-box-symbol vcex-icon-box-symbol--image wpex-mb-20\"><img loading=\"lazy\" class=\"vcex-icon-box-image wpex-align-middle\" decoding=\"async\" src=\"https:\/\/www.mariomarqueshoteleiros.com\/wp-content\/uploads\/2024\/03\/mm-logo-110x40.png\" alt=\"\" srcset=\"https:\/\/www.mariomarqueshoteleiros.com\/wp-content\/uploads\/2024\/03\/mm-logo-110x40.png 110w, https:\/\/www.mariomarqueshoteleiros.com\/wp-content\/uploads\/2024\/03\/mm-logo-90x33.png 90w, https:\/\/www.mariomarqueshoteleiros.com\/wp-content\/uploads\/2024\/03\/mm-logo-90x33@2x.png 180w, https:\/\/www.mariomarqueshoteleiros.com\/wp-content\/uploads\/2024\/03\/mm-logo.png 195w\" width=\"110\" height=\"40\"><\/div><div class=\"vcex-icon-box-text\"><div class=\"vcex-icon-box-content wpex-last-mb-0 wpex-clr\"><p>Fundada em 1 de Fevereiro de 1983. Temos em carteira mais de 4 mil clientes, prestamos apoio \u00e0 ind\u00fastria hoteleira e a particulares. Somos o resultado de anos de experi\u00eancia e de preocupa\u00e7\u00e3o com qualidade e assist\u00eancia.<\/p>\n<\/div><\/div><\/div><div class=\"vcex-spacing wpex-w-100 wpex-clear\"><\/div><style>.vcex-icon-box.vcex_69ee0632a919f .vcex-icon-box-image{width:110px;}<\/style><div class=\"vcex-module vcex-icon-box vcex-icon-box-two wpex-block wpex-text-center vcex_69ee0632a919f\"><div class=\"vcex-icon-box-symbol vcex-icon-box-symbol--image wpex-mb-20\"><img loading=\"lazy\" class=\"vcex-icon-box-image wpex-align-middle\" decoding=\"async\" src=\"https:\/\/www.mariomarqueshoteleiros.com\/wp-content\/uploads\/2024\/03\/logo_mmc-110x83.png\" alt=\"\" srcset=\"https:\/\/www.mariomarqueshoteleiros.com\/wp-content\/uploads\/2024\/03\/logo_mmc-110x83.png 110w, https:\/\/www.mariomarqueshoteleiros.com\/wp-content\/uploads\/2024\/03\/logo_mmc.png 126w\" width=\"110\" height=\"83\"><\/div><div class=\"vcex-icon-box-text\"><div class=\"vcex-icon-box-content wpex-last-mb-0 wpex-clr\"><p>Fundada em 27 de Julho de 2000. Temos em carteira mais de mil clientes. Caf\u00e9 Torrado a Lenha.<\/p>\n<p>&#8220;Dos caf\u00e9s o melhor caf\u00e9&#8221;<\/p>\n<\/div><\/div><\/div><\/div><\/div><\/div><\/div>\n<\/div>","protected":false},"excerpt":{"rendered":"ContactosPlease enable JavaScript in your browser to complete this form.Please enable JavaScript in your browser to complete this form.Nome *Email * ou Coment\u00e1rio Email Coment\u00e1rio ou Mensagem *Submeter Fundada em 1 de Fevereiro de 1983. Temos em carteira mais de 4 mil clientes, prestamos apoio \u00e0 ind\u00fastria hoteleira e a particulares. Somos o resultado de&hellip;","protected":false},"author":1,"featured_media":0,"parent":0,"menu_order":0,"comment_status":"closed","ping_status":"closed","template":"","meta":{"footnotes":""},"class_list":["post-144","page","type-page","status-publish","hentry","entry","no-media"],"_links":{"self":[{"href":"https:\/\/www.mariomarqueshoteleiros.com\/en\/wp-json\/wp\/v2\/pages\/144","targetHints":{"allow":["GET"]}}],"collection":[{"href":"https:\/\/www.mariomarqueshoteleiros.com\/en\/wp-json\/wp\/v2\/pages"}],"about":[{"href":"https:\/\/www.mariomarqueshoteleiros.com\/en\/wp-json\/wp\/v2\/types\/page"}],"author":[{"embeddable":true,"href":"https:\/\/www.mariomarqueshoteleiros.com\/en\/wp-json\/wp\/v2\/users\/1"}],"replies":[{"embeddable":true,"href":"https:\/\/www.mariomarqueshoteleiros.com\/en\/wp-json\/wp\/v2\/comments?post=144"}],"version-history":[{"count":0,"href":"https:\/\/www.mariomarqueshoteleiros.com\/en\/wp-json\/wp\/v2\/pages\/144\/revisions"}],"wp:attachment":[{"href":"https:\/\/www.mariomarqueshoteleiros.com\/en\/wp-json\/wp\/v2\/media?parent=144"}],"curies":[{"name":"wp","href":"https:\/\/api.w.org\/{rel}","templated":true}]}}