{"id":214,"date":"2024-03-12T02:43:08","date_gmt":"2024-03-12T02:43:08","guid":{"rendered":"https:\/\/www.mariomarqueshoteleiros.com\/?page_id=214"},"modified":"2024-03-12T02:43:20","modified_gmt":"2024-03-12T02:43:20","slug":"resolucao-amigavel-de-litigios","status":"publish","type":"page","link":"https:\/\/www.mariomarqueshoteleiros.com\/en\/resolucao-amigavel-de-litigios\/","title":{"rendered":"Amicable Dispute Resolution"},"content":{"rendered":"<p>Em caso de lit\u00edgio, informamos que o consumidor pode recorrer \u00e0s entidades de Resolu\u00e7\u00e3o Alternativa de Lit\u00edgios de consumo identificadas no portal do consumidor, no s\u00edtio eletr\u00f3nico www.consumidor.pt, ou de Resolu\u00e7\u00e3o de Lit\u00edgios de consumo em Linha identificadas no s\u00edtio eletr\u00f3nico https:\/\/webgate.ec.europa.eu\/odr.<\/p>\n<p>Mais informa\u00e7\u00f5es em Portal do Consumidor \u2013 https:\/\/www.consumidor.gov.pt<\/p>\n<p>Lista de Entidade dispon\u00edvel em: https:\/\/www.consumidor.gov.pt\/parceiros\/sistema-de-defesa-do-consumidor\/entidades-de-resolucao-alternativa-de-litigios-de-consumo\/ral-mapa-e-lista-de-entidades.aspx<\/p>","protected":false},"excerpt":{"rendered":"<p>Em caso de lit\u00edgio, informamos que o consumidor pode recorrer \u00e0s entidades de Resolu\u00e7\u00e3o Alternativa de Lit\u00edgios de consumo identificadas no portal do consumidor, no s\u00edtio eletr\u00f3nico www.consumidor.pt, ou de Resolu\u00e7\u00e3o de Lit\u00edgios de consumo em Linha identificadas no s\u00edtio eletr\u00f3nico https:\/\/webgate.ec.europa.eu\/odr. Mais informa\u00e7\u00f5es em Portal do Consumidor \u2013 https:\/\/www.consumidor.gov.pt Lista de Entidade dispon\u00edvel em:&hellip;<\/p>","protected":false},"author":1,"featured_media":0,"parent":0,"menu_order":0,"comment_status":"closed","ping_status":"closed","template":"templates\/no-sidebar.php","meta":{"footnotes":""},"class_list":["post-214","page","type-page","status-publish","hentry","entry","no-media"],"_links":{"self":[{"href":"https:\/\/www.mariomarqueshoteleiros.com\/en\/wp-json\/wp\/v2\/pages\/214","targetHints":{"allow":["GET"]}}],"collection":[{"href":"https:\/\/www.mariomarqueshoteleiros.com\/en\/wp-json\/wp\/v2\/pages"}],"about":[{"href":"https:\/\/www.mariomarqueshoteleiros.com\/en\/wp-json\/wp\/v2\/types\/page"}],"author":[{"embeddable":true,"href":"https:\/\/www.mariomarqueshoteleiros.com\/en\/wp-json\/wp\/v2\/users\/1"}],"replies":[{"embeddable":true,"href":"https:\/\/www.mariomarqueshoteleiros.com\/en\/wp-json\/wp\/v2\/comments?post=214"}],"version-history":[{"count":0,"href":"https:\/\/www.mariomarqueshoteleiros.com\/en\/wp-json\/wp\/v2\/pages\/214\/revisions"}],"wp:attachment":[{"href":"https:\/\/www.mariomarqueshoteleiros.com\/en\/wp-json\/wp\/v2\/media?parent=214"}],"curies":[{"name":"wp","href":"https:\/\/api.w.org\/{rel}","templated":true}]}}