{"id":2220,"date":"2024-04-03T15:18:59","date_gmt":"2024-04-03T15:18:59","guid":{"rendered":"https:\/\/www.mariomarqueshoteleiros.com\/?page_id=2220"},"modified":"2024-04-03T21:39:14","modified_gmt":"2024-04-03T21:39:14","slug":"moinhos-de-cafe","status":"publish","type":"page","link":"https:\/\/www.mariomarqueshoteleiros.com\/en\/mm-cafes\/moinhos-de-cafe\/","title":{"rendered":"Coffee mills"},"content":{"rendered":"<div class=\"wpb-content-wrapper\"><div class=\"vc_row wpb_row vc_row-fluid vc_custom_1710546992830 wpex-vc-full-width-row wpex-vc-full-width-row--centered wpex-relative wpex-vc_row-has-fill tablet-fullwidth-columns wpex-vc-reset-negative-margin wpex-has-shape-divider-top\"><div class=\"wpex-shape-divider wpex-shape-divider-arrow wpex-shape-divider-top wpex-absolute wpex-overflow-hidden wpex-top-0 wpex-left-0 wpex-w-100 wpex-leading-none wpex-ltr -wpex-mt-1\"><svg class=\"wpex-shape-divider-svg\" xmlns=\"http:\/\/www.w3.org\/2000\/svg\" viewbox=\"0 0 700 10\" preserveaspectratio=\"none\"><path class=\"wpex-shape-divider-path\" fill=\"#fff\" d=\"M350,10L340,0h20L350,10z\"\/><\/svg><\/div><div class=\"wpb_column vc_column_container vc_col-sm-12\"><div class=\"vc_column-inner\"><div class=\"wpb_wrapper\"><style>.vcex-heading.vcex_69ee02f85220e{color:#ffffff;font-size:32px;font-weight:400;}<\/style><h1 class=\"vcex-heading vcex-heading-plain vcex-module wpex-heading wpex-text-2xl wpex-text-center vcex_69ee02f85220e\"><span class=\"vcex-heading-inner wpex-inline-block\">Coffee mills<\/span><\/h1><div class=\"vc_empty_space\"   style=\"height: 5px\"><span class=\"vc_empty_space_inner\"><\/span><\/div><style>.vcex-heading.vcex_69ee02f8534e5{color:#878787;font-size:18px;font-weight:400;}<\/style><h2 class=\"vcex-heading vcex-heading-plain vcex-module wpex-heading wpex-text-2xl wpex-text-center vcex_69ee02f8534e5\"><span class=\"vcex-heading-inner wpex-inline-block\">Caf\u00e9 Torrado a Lenha. \"Dos caf\u00e9s... o melhor caf\u00e9\" <\/span><\/h2><\/div><\/div><\/div><\/div><div class=\"vc_row wpb_row vc_row-fluid vc_custom_1711381184330 vc_row-o-equal-height vc_row-flex wpex-vc-full-width-row wpex-vc-full-width-row--centered wpex-relative wpex-vc_row-has-fill wpex-vc-reset-negative-margin\"><div class=\"wpb_column vc_column_container vc_col-sm-9\"><div class=\"vc_column-inner\"><div class=\"wpb_wrapper\"><div class=\"vc_empty_space\"   style=\"height: 20px\"><span class=\"vc_empty_space_inner\"><\/span><\/div><div class=\"wpmf-gallerys wpmf-gallerys-life\" ><div id=\"gallery-1\"\n data-gutter-width=\"5\"\n  data-wpmfcolumns=\"3\" class=\"wpmf-gallery gallery-link-file gallery_life wpmf_gallery_default gallery_default gallery-portfolio  gallery-columns-3 gallery-size-medium wpmf-gallery-bottomspace-default wpmf-gallery-clear wpmf-has-border-radius-0 wpmf-gutterwidth-5 ratio_2_3\"><figure class=\"wpmf-gallery-item     wpmf-gallery-item-position-0 wpmf-gallery-item-attachment-1448\" data-index=\"0\"><div class=\"wpmf-gallery-icon\"><a data-lightbox=\"1\" data-href=\"https:\/\/www.mariomarqueshoteleiros.com\/wp-content\/uploads\/2024\/03\/Hotelaria_08_28_10_08-00000108_01.jpg\" title=\"Hotelaria 08 28 10 08 00000108 01\" \nclass=\"noLightbox wpmf_overlay  not_video\" target=\"_self\" data-index=\"0\"><\/a>\n<a data-lightbox=\"1\" class=\"noLightbox portfolio_lightbox  not_video\" data-href=\"https:\/\/www.mariomarqueshoteleiros.com\/wp-content\/uploads\/2024\/03\/Hotelaria_08_28_10_08-00000108_01.jpg\" title=\"Hotelaria 08 28 10 08 00000108 01\" \ntarget=\"_self\" data-index=\"0\">+<\/a><div class=\"square_thumbnail\"><div class=\"img_centered\"><a class=\"not_video noLightbox\" data-lightbox=\"1\" data-href=\"https:\/\/www.mariomarqueshoteleiros.com\/wp-content\/uploads\/2024\/03\/Hotelaria_08_28_10_08-00000108_01.jpg\" title=\"Hotelaria 08 28 10 08 00000108 01\" target=\"_self\" data-index=\"0\"><img class=\"wpmf_img\" alt=\"Hotelaria 08 28 10 08 00000108 01\" src=\"https:\/\/www.mariomarqueshoteleiros.com\/wp-content\/uploads\/2024\/03\/Hotelaria_08_28_10_08-00000108_01-188x300.jpg\" data-type=\"wpmfgalleryimg\" data-lazy-src=\"https:\/\/www.mariomarqueshoteleiros.com\/wp-content\/uploads\/2024\/03\/Hotelaria_08_28_10_08-00000108_01-188x300.jpg\"><\/a><\/div><\/div><\/div><div class=\"wpmf-caption-text wpmf-gallery-caption\"><span class=\"title\">Hotelaria 08 28 10 08 00000108 01<\/span><\/div><\/figure><figure class=\"wpmf-gallery-item     wpmf-gallery-item-position-1 wpmf-gallery-item-attachment-1449\" data-index=\"1\"><div class=\"wpmf-gallery-icon\"><a data-lightbox=\"1\" data-href=\"https:\/\/www.mariomarqueshoteleiros.com\/wp-content\/uploads\/2024\/03\/Hotelaria_08_28_10_08-00000108_02.jpg\" title=\"Hotelaria 08 28 10 08 00000108 02\" \nclass=\"noLightbox wpmf_overlay  not_video\" target=\"_self\" data-index=\"1\"><\/a>\n<a data-lightbox=\"1\" class=\"noLightbox portfolio_lightbox  not_video\" data-href=\"https:\/\/www.mariomarqueshoteleiros.com\/wp-content\/uploads\/2024\/03\/Hotelaria_08_28_10_08-00000108_02.jpg\" title=\"Hotelaria 08 28 10 08 00000108 02\" \ntarget=\"_self\" data-index=\"1\">+<\/a><div class=\"square_thumbnail\"><div class=\"img_centered\"><a class=\"not_video noLightbox\" data-lightbox=\"1\" data-href=\"https:\/\/www.mariomarqueshoteleiros.com\/wp-content\/uploads\/2024\/03\/Hotelaria_08_28_10_08-00000108_02.jpg\" title=\"Hotelaria 08 28 10 08 00000108 02\" target=\"_self\" data-index=\"0\"><img class=\"wpmf_img\" alt=\"Hotelaria 08 28 10 08 00000108 02\" src=\"https:\/\/www.mariomarqueshoteleiros.com\/wp-content\/uploads\/2024\/03\/Hotelaria_08_28_10_08-00000108_02-167x300.jpg\" data-type=\"wpmfgalleryimg\" data-lazy-src=\"https:\/\/www.mariomarqueshoteleiros.com\/wp-content\/uploads\/2024\/03\/Hotelaria_08_28_10_08-00000108_02-167x300.jpg\"><\/a><\/div><\/div><\/div><div class=\"wpmf-caption-text wpmf-gallery-caption\"><span class=\"title\">Hotelaria 08 28 10 08 00000108 02<\/span><\/div><\/figure><figure class=\"wpmf-gallery-item     wpmf-gallery-item-position-2 wpmf-gallery-item-attachment-1451\" data-index=\"2\"><div class=\"wpmf-gallery-icon\"><a data-lightbox=\"1\" data-href=\"https:\/\/www.mariomarqueshoteleiros.com\/wp-content\/uploads\/2024\/03\/Hotelaria_08_28_10_08-00000108_03.jpg\" title=\"Hotelaria 08 28 10 08 00000108 03\" \nclass=\"noLightbox wpmf_overlay  not_video\" target=\"_self\" data-index=\"2\"><\/a>\n<a data-lightbox=\"1\" class=\"noLightbox portfolio_lightbox  not_video\" data-href=\"https:\/\/www.mariomarqueshoteleiros.com\/wp-content\/uploads\/2024\/03\/Hotelaria_08_28_10_08-00000108_03.jpg\" title=\"Hotelaria 08 28 10 08 00000108 03\" \ntarget=\"_self\" data-index=\"2\">+<\/a><div class=\"square_thumbnail\"><div class=\"img_centered\"><a class=\"not_video noLightbox\" data-lightbox=\"1\" data-href=\"https:\/\/www.mariomarqueshoteleiros.com\/wp-content\/uploads\/2024\/03\/Hotelaria_08_28_10_08-00000108_03.jpg\" title=\"Hotelaria 08 28 10 08 00000108 03\" target=\"_self\" data-index=\"0\"><img class=\"wpmf_img\" alt=\"Hotelaria 08 28 10 08 00000108 03\" src=\"https:\/\/www.mariomarqueshoteleiros.com\/wp-content\/uploads\/2024\/03\/Hotelaria_08_28_10_08-00000108_03-166x300.jpg\" data-type=\"wpmfgalleryimg\" data-lazy-src=\"https:\/\/www.mariomarqueshoteleiros.com\/wp-content\/uploads\/2024\/03\/Hotelaria_08_28_10_08-00000108_03-166x300.jpg\"><\/a><\/div><\/div><\/div><div class=\"wpmf-caption-text wpmf-gallery-caption\"><span class=\"title\">Hotelaria 08 28 10 08 00000108 03<\/span><\/div><\/figure><figure class=\"wpmf-gallery-item     wpmf-gallery-item-position-3 wpmf-gallery-item-attachment-1452\" data-index=\"3\"><div class=\"wpmf-gallery-icon\"><a data-lightbox=\"1\" data-href=\"https:\/\/www.mariomarqueshoteleiros.com\/wp-content\/uploads\/2024\/03\/Hotelaria_08_28_10_08-00000108_04.jpg\" title=\"Hotelaria 08 28 10 08 00000108 04\" \nclass=\"noLightbox wpmf_overlay  not_video\" target=\"_self\" data-index=\"3\"><\/a>\n<a data-lightbox=\"1\" class=\"noLightbox portfolio_lightbox  not_video\" data-href=\"https:\/\/www.mariomarqueshoteleiros.com\/wp-content\/uploads\/2024\/03\/Hotelaria_08_28_10_08-00000108_04.jpg\" title=\"Hotelaria 08 28 10 08 00000108 04\" \ntarget=\"_self\" data-index=\"3\">+<\/a><div class=\"square_thumbnail\"><div class=\"img_centered\"><a class=\"not_video noLightbox\" data-lightbox=\"1\" data-href=\"https:\/\/www.mariomarqueshoteleiros.com\/wp-content\/uploads\/2024\/03\/Hotelaria_08_28_10_08-00000108_04.jpg\" title=\"Hotelaria 08 28 10 08 00000108 04\" target=\"_self\" data-index=\"0\"><img class=\"wpmf_img\" alt=\"Hotelaria 08 28 10 08 00000108 04\" src=\"https:\/\/www.mariomarqueshoteleiros.com\/wp-content\/uploads\/2024\/03\/Hotelaria_08_28_10_08-00000108_04-171x300.jpg\" data-type=\"wpmfgalleryimg\" data-lazy-src=\"https:\/\/www.mariomarqueshoteleiros.com\/wp-content\/uploads\/2024\/03\/Hotelaria_08_28_10_08-00000108_04-171x300.jpg\"><\/a><\/div><\/div><\/div><div class=\"wpmf-caption-text wpmf-gallery-caption\"><span class=\"title\">Hotelaria 08 28 10 08 00000108 04<\/span><\/div><\/figure><figure class=\"wpmf-gallery-item     wpmf-gallery-item-position-4 wpmf-gallery-item-attachment-1453\" data-index=\"4\"><div class=\"wpmf-gallery-icon\"><a data-lightbox=\"1\" data-href=\"https:\/\/www.mariomarqueshoteleiros.com\/wp-content\/uploads\/2024\/03\/Hotelaria_08_28_10_08-00000108_06-649x1024.jpg\" title=\"Hotelaria 08 28 10 08 00000108 06\" \nclass=\"noLightbox wpmf_overlay  not_video\" target=\"_self\" data-index=\"4\"><\/a>\n<a data-lightbox=\"1\" class=\"noLightbox portfolio_lightbox  not_video\" data-href=\"https:\/\/www.mariomarqueshoteleiros.com\/wp-content\/uploads\/2024\/03\/Hotelaria_08_28_10_08-00000108_06-649x1024.jpg\" title=\"Hotelaria 08 28 10 08 00000108 06\" \ntarget=\"_self\" data-index=\"4\">+<\/a><div class=\"square_thumbnail\"><div class=\"img_centered\"><a class=\"not_video noLightbox\" data-lightbox=\"1\" data-href=\"https:\/\/www.mariomarqueshoteleiros.com\/wp-content\/uploads\/2024\/03\/Hotelaria_08_28_10_08-00000108_06-649x1024.jpg\" title=\"Hotelaria 08 28 10 08 00000108 06\" target=\"_self\" data-index=\"0\"><img class=\"wpmf_img\" alt=\"Hotelaria 08 28 10 08 00000108 06\" src=\"https:\/\/www.mariomarqueshoteleiros.com\/wp-content\/uploads\/2024\/03\/Hotelaria_08_28_10_08-00000108_06-190x300.jpg\" data-type=\"wpmfgalleryimg\" data-lazy-src=\"https:\/\/www.mariomarqueshoteleiros.com\/wp-content\/uploads\/2024\/03\/Hotelaria_08_28_10_08-00000108_06-190x300.jpg\"><\/a><\/div><\/div><\/div><div class=\"wpmf-caption-text wpmf-gallery-caption\"><span class=\"title\">Hotelaria 08 28 10 08 00000108 06<\/span><\/div><\/figure><figure class=\"wpmf-gallery-item     wpmf-gallery-item-position-5 wpmf-gallery-item-attachment-1454\" data-index=\"5\"><div class=\"wpmf-gallery-icon\"><a data-lightbox=\"1\" data-href=\"https:\/\/www.mariomarqueshoteleiros.com\/wp-content\/uploads\/2024\/03\/Hotelaria_08_28_10_08-00000108_07-597x1024.jpg\" title=\"Hotelaria 08 28 10 08 00000108 07\" \nclass=\"noLightbox wpmf_overlay  not_video\" target=\"_self\" data-index=\"5\"><\/a>\n<a data-lightbox=\"1\" class=\"noLightbox portfolio_lightbox  not_video\" data-href=\"https:\/\/www.mariomarqueshoteleiros.com\/wp-content\/uploads\/2024\/03\/Hotelaria_08_28_10_08-00000108_07-597x1024.jpg\" title=\"Hotelaria 08 28 10 08 00000108 07\" \ntarget=\"_self\" data-index=\"5\">+<\/a><div class=\"square_thumbnail\"><div class=\"img_centered\"><a class=\"not_video noLightbox\" data-lightbox=\"1\" data-href=\"https:\/\/www.mariomarqueshoteleiros.com\/wp-content\/uploads\/2024\/03\/Hotelaria_08_28_10_08-00000108_07-597x1024.jpg\" title=\"Hotelaria 08 28 10 08 00000108 07\" target=\"_self\" data-index=\"0\"><img class=\"wpmf_img\" alt=\"Hotelaria 08 28 10 08 00000108 07\" src=\"https:\/\/www.mariomarqueshoteleiros.com\/wp-content\/uploads\/2024\/03\/Hotelaria_08_28_10_08-00000108_07-175x300.jpg\" data-type=\"wpmfgalleryimg\" data-lazy-src=\"https:\/\/www.mariomarqueshoteleiros.com\/wp-content\/uploads\/2024\/03\/Hotelaria_08_28_10_08-00000108_07-175x300.jpg\"><\/a><\/div><\/div><\/div><div class=\"wpmf-caption-text wpmf-gallery-caption\"><span class=\"title\">Hotelaria 08 28 10 08 00000108 07<\/span><\/div><\/figure><figure class=\"wpmf-gallery-item     wpmf-gallery-item-position-6 wpmf-gallery-item-attachment-1455\" data-index=\"6\"><div class=\"wpmf-gallery-icon\"><a data-lightbox=\"1\" data-href=\"https:\/\/www.mariomarqueshoteleiros.com\/wp-content\/uploads\/2024\/03\/Hotelaria_08_28_10_08-00000108_09-578x1024.jpg\" title=\"Hotelaria 08 28 10 08 00000108 09\" \nclass=\"noLightbox wpmf_overlay  not_video\" target=\"_self\" data-index=\"6\"><\/a>\n<a data-lightbox=\"1\" class=\"noLightbox portfolio_lightbox  not_video\" data-href=\"https:\/\/www.mariomarqueshoteleiros.com\/wp-content\/uploads\/2024\/03\/Hotelaria_08_28_10_08-00000108_09-578x1024.jpg\" title=\"Hotelaria 08 28 10 08 00000108 09\" \ntarget=\"_self\" data-index=\"6\">+<\/a><div class=\"square_thumbnail\"><div class=\"img_centered\"><a class=\"not_video noLightbox\" data-lightbox=\"1\" data-href=\"https:\/\/www.mariomarqueshoteleiros.com\/wp-content\/uploads\/2024\/03\/Hotelaria_08_28_10_08-00000108_09-578x1024.jpg\" title=\"Hotelaria 08 28 10 08 00000108 09\" target=\"_self\" data-index=\"0\"><img class=\"wpmf_img\" alt=\"Hotelaria 08 28 10 08 00000108 09\" src=\"https:\/\/www.mariomarqueshoteleiros.com\/wp-content\/uploads\/2024\/03\/Hotelaria_08_28_10_08-00000108_09-169x300.jpg\" data-type=\"wpmfgalleryimg\" data-lazy-src=\"https:\/\/www.mariomarqueshoteleiros.com\/wp-content\/uploads\/2024\/03\/Hotelaria_08_28_10_08-00000108_09-169x300.jpg\"><\/a><\/div><\/div><\/div><div class=\"wpmf-caption-text wpmf-gallery-caption\"><span class=\"title\">Hotelaria 08 28 10 08 00000108 09<\/span><\/div><\/figure><figure class=\"wpmf-gallery-item     wpmf-gallery-item-position-7 wpmf-gallery-item-attachment-1456\" data-index=\"7\"><div class=\"wpmf-gallery-icon\"><a data-lightbox=\"1\" data-href=\"https:\/\/www.mariomarqueshoteleiros.com\/wp-content\/uploads\/2024\/03\/Hotelaria_08_28_10_08-00000108_11.jpg\" title=\"Hotelaria 08 28 10 08 00000108 11\" \nclass=\"noLightbox wpmf_overlay  not_video\" target=\"_self\" data-index=\"7\"><\/a>\n<a data-lightbox=\"1\" class=\"noLightbox portfolio_lightbox  not_video\" data-href=\"https:\/\/www.mariomarqueshoteleiros.com\/wp-content\/uploads\/2024\/03\/Hotelaria_08_28_10_08-00000108_11.jpg\" title=\"Hotelaria 08 28 10 08 00000108 11\" \ntarget=\"_self\" data-index=\"7\">+<\/a><div class=\"square_thumbnail\"><div class=\"img_centered\"><a class=\"not_video noLightbox\" data-lightbox=\"1\" data-href=\"https:\/\/www.mariomarqueshoteleiros.com\/wp-content\/uploads\/2024\/03\/Hotelaria_08_28_10_08-00000108_11.jpg\" title=\"Hotelaria 08 28 10 08 00000108 11\" target=\"_self\" data-index=\"0\"><img class=\"wpmf_img\" alt=\"Hotelaria 08 28 10 08 00000108 11\" src=\"https:\/\/www.mariomarqueshoteleiros.com\/wp-content\/uploads\/2024\/03\/Hotelaria_08_28_10_08-00000108_11-161x300.jpg\" data-type=\"wpmfgalleryimg\" data-lazy-src=\"https:\/\/www.mariomarqueshoteleiros.com\/wp-content\/uploads\/2024\/03\/Hotelaria_08_28_10_08-00000108_11-161x300.jpg\"><\/a><\/div><\/div><\/div><div class=\"wpmf-caption-text wpmf-gallery-caption\"><span class=\"title\">Hotelaria 08 28 10 08 00000108 11<\/span><\/div><\/figure><figure class=\"wpmf-gallery-item     wpmf-gallery-item-position-8 wpmf-gallery-item-attachment-1457\" data-index=\"8\"><div class=\"wpmf-gallery-icon\"><a data-lightbox=\"1\" data-href=\"https:\/\/www.mariomarqueshoteleiros.com\/wp-content\/uploads\/2024\/03\/Hotelaria_08_28_10_08-00000108_12.jpg\" title=\"Hotelaria 08 28 10 08 00000108 12\" \nclass=\"noLightbox wpmf_overlay  not_video\" target=\"_self\" data-index=\"8\"><\/a>\n<a data-lightbox=\"1\" class=\"noLightbox portfolio_lightbox  not_video\" data-href=\"https:\/\/www.mariomarqueshoteleiros.com\/wp-content\/uploads\/2024\/03\/Hotelaria_08_28_10_08-00000108_12.jpg\" title=\"Hotelaria 08 28 10 08 00000108 12\" \ntarget=\"_self\" data-index=\"8\">+<\/a><div class=\"square_thumbnail\"><div class=\"img_centered\"><a class=\"not_video noLightbox\" data-lightbox=\"1\" data-href=\"https:\/\/www.mariomarqueshoteleiros.com\/wp-content\/uploads\/2024\/03\/Hotelaria_08_28_10_08-00000108_12.jpg\" title=\"Hotelaria 08 28 10 08 00000108 12\" target=\"_self\" data-index=\"0\"><img class=\"wpmf_img\" alt=\"Hotelaria 08 28 10 08 00000108 12\" src=\"https:\/\/www.mariomarqueshoteleiros.com\/wp-content\/uploads\/2024\/03\/Hotelaria_08_28_10_08-00000108_12-155x300.jpg\" data-type=\"wpmfgalleryimg\" data-lazy-src=\"https:\/\/www.mariomarqueshoteleiros.com\/wp-content\/uploads\/2024\/03\/Hotelaria_08_28_10_08-00000108_12-155x300.jpg\"><\/a><\/div><\/div><\/div><div class=\"wpmf-caption-text wpmf-gallery-caption\"><span class=\"title\">Hotelaria 08 28 10 08 00000108 12<\/span><\/div><\/figure><figure class=\"wpmf-gallery-item     wpmf-gallery-item-position-9 wpmf-gallery-item-attachment-1458\" data-index=\"9\"><div class=\"wpmf-gallery-icon\"><a data-lightbox=\"1\" data-href=\"https:\/\/www.mariomarqueshoteleiros.com\/wp-content\/uploads\/2024\/03\/Hotelaria_08_28_10_08-00000108_13.jpg\" title=\"Hotelaria 08 28 10 08 00000108 13\" \nclass=\"noLightbox wpmf_overlay  not_video\" target=\"_self\" data-index=\"9\"><\/a>\n<a data-lightbox=\"1\" class=\"noLightbox portfolio_lightbox  not_video\" data-href=\"https:\/\/www.mariomarqueshoteleiros.com\/wp-content\/uploads\/2024\/03\/Hotelaria_08_28_10_08-00000108_13.jpg\" title=\"Hotelaria 08 28 10 08 00000108 13\" \ntarget=\"_self\" data-index=\"9\">+<\/a><div class=\"square_thumbnail\"><div class=\"img_centered\"><a class=\"not_video noLightbox\" data-lightbox=\"1\" data-href=\"https:\/\/www.mariomarqueshoteleiros.com\/wp-content\/uploads\/2024\/03\/Hotelaria_08_28_10_08-00000108_13.jpg\" title=\"Hotelaria 08 28 10 08 00000108 13\" target=\"_self\" data-index=\"0\"><img class=\"wpmf_img\" alt=\"Hotelaria 08 28 10 08 00000108 13\" src=\"https:\/\/www.mariomarqueshoteleiros.com\/wp-content\/uploads\/2024\/03\/Hotelaria_08_28_10_08-00000108_13-154x300.jpg\" data-type=\"wpmfgalleryimg\" data-lazy-src=\"https:\/\/www.mariomarqueshoteleiros.com\/wp-content\/uploads\/2024\/03\/Hotelaria_08_28_10_08-00000108_13-154x300.jpg\"><\/a><\/div><\/div><\/div><div class=\"wpmf-caption-text wpmf-gallery-caption\"><span class=\"title\">Hotelaria 08 28 10 08 00000108 13<\/span><\/div><\/figure><figure class=\"wpmf-gallery-item     wpmf-gallery-item-position-10 wpmf-gallery-item-attachment-1459\" data-index=\"10\"><div class=\"wpmf-gallery-icon\"><a data-lightbox=\"1\" data-href=\"https:\/\/www.mariomarqueshoteleiros.com\/wp-content\/uploads\/2024\/03\/Hotelaria_08_28_10_08-00000108_14.jpg\" title=\"Hotelaria 08 28 10 08 00000108 14\" \nclass=\"noLightbox wpmf_overlay  not_video\" target=\"_self\" data-index=\"10\"><\/a>\n<a data-lightbox=\"1\" class=\"noLightbox portfolio_lightbox  not_video\" data-href=\"https:\/\/www.mariomarqueshoteleiros.com\/wp-content\/uploads\/2024\/03\/Hotelaria_08_28_10_08-00000108_14.jpg\" title=\"Hotelaria 08 28 10 08 00000108 14\" \ntarget=\"_self\" data-index=\"10\">+<\/a><div class=\"square_thumbnail\"><div class=\"img_centered\"><a class=\"not_video noLightbox\" data-lightbox=\"1\" data-href=\"https:\/\/www.mariomarqueshoteleiros.com\/wp-content\/uploads\/2024\/03\/Hotelaria_08_28_10_08-00000108_14.jpg\" title=\"Hotelaria 08 28 10 08 00000108 14\" target=\"_self\" data-index=\"0\"><img class=\"wpmf_img\" alt=\"Hotelaria 08 28 10 08 00000108 14\" src=\"https:\/\/www.mariomarqueshoteleiros.com\/wp-content\/uploads\/2024\/03\/Hotelaria_08_28_10_08-00000108_14-159x300.jpg\" data-type=\"wpmfgalleryimg\" data-lazy-src=\"https:\/\/www.mariomarqueshoteleiros.com\/wp-content\/uploads\/2024\/03\/Hotelaria_08_28_10_08-00000108_14-159x300.jpg\"><\/a><\/div><\/div><\/div><div class=\"wpmf-caption-text wpmf-gallery-caption\"><span class=\"title\">Hotelaria 08 28 10 08 00000108 14<\/span><\/div><\/figure><\/div><\/div>\n<\/div><\/div><\/div><div class=\"wpb_column vc_column_container vc_col-sm-3\"><div class=\"vc_column-inner\"><div class=\"wpb_wrapper\"><div class=\"vcex-heading vcex-heading-bottom-border vcex-module wpex-heading wpex-text-2xl wpex-mb-20 wpex-text-center wpex-border-b wpex-border-solid wpex-border-main\"><span class=\"vcex-heading-inner wpex-inline-block\">Produtos &amp; Servi\u00e7os<\/span><\/div><nav class=\"vcex-navbar vcex-navbar--list vcex-module\" aria-label=\"Produtos &amp; Servi\u00e7os\"><div class=\"vcex-navbar-inner wpex-clr\"><div class=\"vcex-navbar-list-item wpex-list-item wpex-clear\"><a href=\"https:\/\/www.mariomarqueshoteleiros.com\/en\/mm-cafes\/\" class=\"vcex-navbar-link vcex-navbar-link--2185 wpex-block wpex-float-left wpex-mb-5 theme-button minimal-border list\"><span class=\"vcex-navbar-link-text\">MM Cafes<\/span><\/a><\/div><div class=\"vcex-navbar-list-item wpex-list-item wpex-list-item--child wpex-clear\"><a href=\"https:\/\/www.mariomarqueshoteleiros.com\/en\/mm-cafes\/cafes\/\" class=\"vcex-navbar-link vcex-navbar-link--child vcex-navbar-link--2290 wpex-block wpex-float-left wpex-mb-5 theme-button minimal-border list\"><span class=\"vcex-navbar-link-text\">Caf\u00e9s<\/span><\/a><\/div><div class=\"vcex-navbar-list-item wpex-list-item wpex-list-item--child wpex-clear\"><a href=\"https:\/\/www.mariomarqueshoteleiros.com\/en\/mm-cafes\/maquinas-de-cafe\/\" class=\"vcex-navbar-link vcex-navbar-link--child vcex-navbar-link--2226 wpex-block wpex-float-left wpex-mb-5 theme-button minimal-border list\"><span class=\"vcex-navbar-link-text\">Coffee machines<\/span><\/a><\/div><div class=\"vcex-navbar-list-item wpex-list-item wpex-list-item--child wpex-clear\"><a href=\"https:\/\/www.mariomarqueshoteleiros.com\/en\/mm-cafes\/moinhos-de-cafe\/\" class=\"vcex-navbar-link vcex-navbar-link--child vcex-navbar-link--2220 wpex-block wpex-float-left wpex-mb-5 theme-button minimal-border list\"><span class=\"vcex-navbar-link-text\">Coffee mills<\/span><\/a><\/div><div class=\"vcex-navbar-list-item wpex-list-item wpex-list-item--child wpex-clear\"><a href=\"https:\/\/www.mariomarqueshoteleiros.com\/en\/mm-cafes\/chavenas-de-cafe\/\" class=\"vcex-navbar-link vcex-navbar-link--child vcex-navbar-link--2283 wpex-block wpex-float-left wpex-mb-5 theme-button minimal-border list\"><span class=\"vcex-navbar-link-text\">Coffee cups<\/span><\/a><\/div><div class=\"vcex-navbar-list-item wpex-list-item wpex-list-item--child wpex-clear\"><a href=\"https:\/\/www.mariomarqueshoteleiros.com\/en\/mm-cafes\/pacotes-de-acucar\/\" class=\"vcex-navbar-link vcex-navbar-link--child vcex-navbar-link--2279 wpex-block wpex-float-left wpex-mb-5 theme-button minimal-border list\"><span class=\"vcex-navbar-link-text\">Sugar packets<\/span><\/a><\/div><\/div><\/nav><\/div><\/div><\/div><\/div><div class=\"vc_row wpb_row vc_row-fluid vc_custom_1710258130735 wpex-vc-full-width-row wpex-vc-full-width-row--centered wpex-relative wpex-vc-has-custom-column-spacing wpex-vc-column-spacing-0px wpex-vc_row-has-fill wpex-vc-reset-negative-margin\"><div class=\"wpb_column vc_column_container vc_col-sm-12\"><div class=\"vc_column-inner\"><div class=\"wpb_wrapper\"><style>.vcex-heading.vcex_69ee02f85c77d{color:#ffffff;font-size:28px;}<\/style><div class=\"vcex-heading vcex-heading-plain vcex-module wpex-heading wpex-text-2xl wpex-text-center vcex_69ee02f85c77d\"><span class=\"vcex-heading-inner wpex-inline-block\">Find out what we can do for you<\/span><\/div><div class=\"vc_empty_space\"   style=\"height: 20px\"><span class=\"vc_empty_space_inner\"><\/span><\/div><style>.vcex-button.vcex_69ee02f85d391{padding:8px 40px;font-size:16px;font-weight:600;}<\/style><div class=\"theme-button-wrap textcenter wpex-clr\"><a href=\"https:\/\/www.mariomarqueshoteleiros.com\/en\/contactos\/\" class=\"vcex-button theme-button outline white align-center inline vcex_69ee02f85d391\" target=\"_blank\" rel=\"noopener noreferrer\"><span class=\"vcex-button-inner theme-button-inner wpex-flex wpex-flex-wrap wpex-items-center wpex-justify-center\"><span class=\"vcex-button-icon vcex-icon-wrap theme-button-icon-left\"><span class=\"wpex-icon\" aria-hidden=\"true\"><svg xmlns=\"http:\/\/www.w3.org\/2000\/svg\" viewbox=\"0 0 32 32\"><path d=\"M26.321 16.304l0.696 0.911q0.143 0.196 0.116 0.42t-0.205 0.366q-0.768 0.607-2.259 1.759t-2.616 2.018-1.196 0.92q-0.696 0.571-1.071 0.857t-1.080 0.732-1.366 0.652-1.321 0.205h-0.036q-0.661 0-1.321-0.205t-1.357-0.652-1.089-0.741-1.071-0.848q-0.089-0.071-1.161-0.902t-2.563-1.982-2.188-1.688q-0.196-0.143-0.223-0.366t0.116-0.42l0.661-0.929q0.143-0.196 0.384-0.232t0.438 0.125q1.679 1.304 5.464 4.214 0.089 0.071 0.777 0.625t1.080 0.83 1.009 0.58 1.045 0.304h0.036q0.429 0 1.045-0.304t1.009-0.58 1.080-0.83 0.777-0.625q4.607-3.536 5.589-4.321 0.196-0.143 0.429-0.116t0.375 0.223zM29.714 29.143v-16.571q-1.607-1.482-2.839-2.482-1.625-1.321-6.946-5.429-0.054-0.036-0.768-0.625t-1.089-0.857-1-0.58-1.054-0.313h-0.036q-0.429 0-1.054 0.313t-1 0.58-1.089 0.857-0.768 0.625q-3.839 2.964-5.634 4.384t-2.313 1.857-1.464 1.33q-0.25 0.214-0.375 0.339v16.571q0 0.232 0.17 0.402t0.402 0.17h26.286q0.232 0 0.402-0.17t0.17-0.402zM32 12.571v16.571q0 1.179-0.839 2.018t-2.018 0.839h-26.286q-1.179 0-2.018-0.839t-0.839-2.018v-16.571q0-1 0.732-1.679 2.196-2.036 6.25-5.188t4.161-3.241q0.643-0.536 1.054-0.848t1.098-0.75 1.357-0.652 1.33-0.214h0.036q0.661 0 1.33 0.214t1.357 0.652 1.098 0.75 1.054 0.848q0.768 0.643 2.786 2.179t4.036 3.161 3.589 3.089q0.732 0.679 0.732 1.679z\"><\/path><\/svg><\/span><\/span>Contact us<\/span><\/a><\/div> <\/div><\/div><\/div><\/div>\n<\/div>","protected":false},"excerpt":{"rendered":"Mo\u00ednhos de Caf\u00e9Caf\u00e9 Torrado a Lenha. \"Dos caf\u00e9s... o melhor caf\u00e9\" +Hotelaria 08 28 10 08 00000108 01 +Hotelaria 08 28 10 08 00000108 02 +Hotelaria 08 28 10 08 00000108 03 +Hotelaria 08 28 10 08 00000108 04 +Hotelaria 08 28 10 08 00000108 06 +Hotelaria 08 28 10 08 00000108 07 +Hotelaria 08&hellip;","protected":false},"author":1,"featured_media":0,"parent":2185,"menu_order":0,"comment_status":"closed","ping_status":"closed","template":"","meta":{"footnotes":""},"class_list":["post-2220","page","type-page","status-publish","hentry","entry","no-media"],"_links":{"self":[{"href":"https:\/\/www.mariomarqueshoteleiros.com\/en\/wp-json\/wp\/v2\/pages\/2220","targetHints":{"allow":["GET"]}}],"collection":[{"href":"https:\/\/www.mariomarqueshoteleiros.com\/en\/wp-json\/wp\/v2\/pages"}],"about":[{"href":"https:\/\/www.mariomarqueshoteleiros.com\/en\/wp-json\/wp\/v2\/types\/page"}],"author":[{"embeddable":true,"href":"https:\/\/www.mariomarqueshoteleiros.com\/en\/wp-json\/wp\/v2\/users\/1"}],"replies":[{"embeddable":true,"href":"https:\/\/www.mariomarqueshoteleiros.com\/en\/wp-json\/wp\/v2\/comments?post=2220"}],"version-history":[{"count":0,"href":"https:\/\/www.mariomarqueshoteleiros.com\/en\/wp-json\/wp\/v2\/pages\/2220\/revisions"}],"up":[{"embeddable":true,"href":"https:\/\/www.mariomarqueshoteleiros.com\/en\/wp-json\/wp\/v2\/pages\/2185"}],"wp:attachment":[{"href":"https:\/\/www.mariomarqueshoteleiros.com\/en\/wp-json\/wp\/v2\/media?parent=2220"}],"curies":[{"name":"wp","href":"https:\/\/api.w.org\/{rel}","templated":true}]}}