{"id":78,"date":"2015-05-31T02:17:40","date_gmt":"2015-05-31T02:17:40","guid":{"rendered":"http:\/\/total.wpexplorer.com\/samus\/?page_id=78"},"modified":"2024-04-05T20:37:08","modified_gmt":"2024-04-05T20:37:08","slug":"mm-hoteleiros","status":"publish","type":"page","link":"https:\/\/www.mariomarqueshoteleiros.com\/en\/mm-hoteleiros\/","title":{"rendered":"MM Hotels"},"content":{"rendered":"<div class=\"wpb-content-wrapper\"><div class=\"vc_row wpb_row vc_row-fluid vc_custom_1710546992830 wpex-vc-full-width-row wpex-vc-full-width-row--centered wpex-relative wpex-vc_row-has-fill tablet-fullwidth-columns wpex-vc-reset-negative-margin wpex-has-shape-divider-top\"><div class=\"wpex-shape-divider wpex-shape-divider-arrow wpex-shape-divider-top wpex-absolute wpex-overflow-hidden wpex-top-0 wpex-left-0 wpex-w-100 wpex-leading-none wpex-ltr -wpex-mt-1\"><svg class=\"wpex-shape-divider-svg\" xmlns=\"http:\/\/www.w3.org\/2000\/svg\" viewbox=\"0 0 700 10\" preserveaspectratio=\"none\"><path class=\"wpex-shape-divider-path\" fill=\"#fff\" d=\"M350,10L340,0h20L350,10z\"\/><\/svg><\/div><div class=\"wpb_column vc_column_container vc_col-sm-12\"><div class=\"vc_column-inner\"><div class=\"wpb_wrapper\"><style>.vcex-heading.vcex_69ee02e489bdd{color:#ffffff;font-size:32px;font-weight:400;}<\/style><h1 class=\"vcex-heading vcex-heading-plain vcex-module wpex-heading wpex-text-2xl wpex-text-center vcex_69ee02e489bdd\"><span class=\"vcex-heading-inner wpex-inline-block\">Hotel Equipment<\/span><\/h1><div class=\"vc_empty_space\"   style=\"height: 5px\"><span class=\"vc_empty_space_inner\"><\/span><\/div><style>.vcex-heading.vcex_69ee02e48af76{color:#878787;font-size:18px;font-weight:400;}<\/style><h2 class=\"vcex-heading vcex-heading-plain vcex-module wpex-heading wpex-text-2xl wpex-text-center vcex_69ee02e48af76\"><span class=\"vcex-heading-inner wpex-inline-block\">Transforme o seu espa\u00e7o \u00e0 medida das suas exig\u00eancias e bom gosto!<br \/>\nTemos muitos mais produtos, do que os publicados. Contacte-nos para mais informa\u00e7\u00f5es!<\/span><\/h2><\/div><\/div><\/div><\/div><div class=\"vc_row wpb_row vc_row-fluid vc_custom_1711381184330 vc_row-o-equal-height vc_row-flex wpex-vc-full-width-row wpex-vc-full-width-row--centered wpex-relative wpex-vc_row-has-fill wpex-vc-reset-negative-margin\"><div class=\"wpb_column vc_column_container vc_col-sm-4\"><div class=\"vc_column-inner\"><div class=\"wpb_wrapper\"><style>.vcex-image.vcex_69ee02e48c4d3 .vcex-image-img{border-radius:var(--wpex-rounded-sm);height:225px;}<\/style><figure class=\"vcex-image vcex-module vcex_69ee02e48c4d3\"><div class=\"vcex-image-inner wpex-relative wpex-inline-block\"><img width=\"770\" height=\"480\" src=\"https:\/\/www.mariomarqueshoteleiros.com\/wp-content\/uploads\/2024\/03\/logo_bar_low.jpg\" class=\"vcex-image-img wpex-align-middle wpex-object-cover\" alt=\"\" loading=\"lazy\" decoding=\"async\" srcset=\"https:\/\/www.mariomarqueshoteleiros.com\/wp-content\/uploads\/2024\/03\/logo_bar_low.jpg 770w, https:\/\/www.mariomarqueshoteleiros.com\/wp-content\/uploads\/2024\/03\/logo_bar_low-300x187.jpg 300w, https:\/\/www.mariomarqueshoteleiros.com\/wp-content\/uploads\/2024\/03\/logo_bar_low-768x479.jpg 768w\" sizes=\"auto, (max-width: 770px) 100vw, 770px\" \/><\/div><\/figure><div class=\"vc_empty_space\"   style=\"height: 20px\"><span class=\"vc_empty_space_inner\"><\/span><\/div><div class=\"vcex-heading vcex-heading-plain vcex-module wpex-heading wpex-text-2xl wpex-text-center\"><span class=\"vcex-heading-inner wpex-inline-block\">Caf\u00e9\/Bar\/Restaurante<\/span><\/div><div class=\"vcex-module vcex-divider vcex-divider-solid vcex-divider-center wpex-mx-auto wpex-max-w-100 wpex-block wpex-h-0 wpex-border-b wpex-border-solid wpex-border-main\" style=\"width:30px;margin-block:20px;border-color:#2291eb;\"><\/div><div class=\"theme-button-wrap theme-button-expanded-wrap\"><a href=\"https:\/\/www.mariomarqueshoteleiros.com\/en\/mm-hoteleiros\/cafe-bar-restaurante\/\" class=\"vcex-button theme-button medium expanded expanded\"><span class=\"vcex-button-inner theme-button-inner wpex-flex wpex-flex-wrap wpex-items-center wpex-justify-center\">Learn More<\/span><\/a><\/div> <\/div><\/div><\/div><div class=\"wpb_column vc_column_container vc_col-sm-4\"><div class=\"vc_column-inner\"><div class=\"wpb_wrapper\"><figure class=\"vcex-image vcex-module\"><div class=\"vcex-image-inner wpex-relative wpex-inline-block\"><img width=\"770\" height=\"480\" src=\"https:\/\/www.mariomarqueshoteleiros.com\/wp-content\/uploads\/2024\/03\/logo_bar_low.jpg\" class=\"vcex-image-img wpex-align-middle\" alt=\"\" loading=\"lazy\" decoding=\"async\" srcset=\"https:\/\/www.mariomarqueshoteleiros.com\/wp-content\/uploads\/2024\/03\/logo_bar_low.jpg 770w, https:\/\/www.mariomarqueshoteleiros.com\/wp-content\/uploads\/2024\/03\/logo_bar_low-300x187.jpg 300w, https:\/\/www.mariomarqueshoteleiros.com\/wp-content\/uploads\/2024\/03\/logo_bar_low-768x479.jpg 768w\" sizes=\"auto, (max-width: 770px) 100vw, 770px\" \/><\/div><\/figure><div class=\"vc_empty_space\"   style=\"height: 20px\"><span class=\"vc_empty_space_inner\"><\/span><\/div><div class=\"vcex-heading vcex-heading-plain vcex-module wpex-heading wpex-text-2xl wpex-text-center\"><span class=\"vcex-heading-inner wpex-inline-block\">Kitchen<\/span><\/div><div class=\"vcex-module vcex-divider vcex-divider-solid vcex-divider-center wpex-mx-auto wpex-max-w-100 wpex-block wpex-h-0 wpex-border-b wpex-border-solid wpex-border-main\" style=\"width:30px;margin-block:20px;border-color:#2291eb;\"><\/div><div class=\"theme-button-wrap theme-button-expanded-wrap\"><a href=\"https:\/\/www.mariomarqueshoteleiros.com\/en\/mm-hoteleiros\/cozinha\/\" class=\"vcex-button theme-button medium expanded expanded\"><span class=\"vcex-button-inner theme-button-inner wpex-flex wpex-flex-wrap wpex-items-center wpex-justify-center\">Learn More<\/span><\/a><\/div> <\/div><\/div><\/div><div class=\"wpb_column vc_column_container vc_col-sm-4\"><div class=\"vc_column-inner\"><div class=\"wpb_wrapper\"><style>.vcex-image.vcex_69ee02e49203b .vcex-image-img{border-radius:var(--wpex-rounded-sm);height:225px;}<\/style><figure class=\"vcex-image vcex-module vcex_69ee02e49203b\"><div class=\"vcex-image-inner wpex-relative wpex-inline-block\"><img width=\"392\" height=\"293\" src=\"https:\/\/www.mariomarqueshoteleiros.com\/wp-content\/uploads\/2024\/04\/logo_laundry_high.jpg\" class=\"vcex-image-img wpex-align-middle wpex-object-cover\" alt=\"\" loading=\"lazy\" decoding=\"async\" srcset=\"https:\/\/www.mariomarqueshoteleiros.com\/wp-content\/uploads\/2024\/04\/logo_laundry_high.jpg 392w, https:\/\/www.mariomarqueshoteleiros.com\/wp-content\/uploads\/2024\/04\/logo_laundry_high-300x224.jpg 300w\" sizes=\"auto, (max-width: 392px) 100vw, 392px\" \/><\/div><\/figure><div class=\"vc_empty_space\"   style=\"height: 20px\"><span class=\"vc_empty_space_inner\"><\/span><\/div><div class=\"vcex-heading vcex-heading-plain vcex-module wpex-heading wpex-text-2xl wpex-text-center\"><span class=\"vcex-heading-inner wpex-inline-block\">Laundry<\/span><\/div><div class=\"vcex-module vcex-divider vcex-divider-solid vcex-divider-center wpex-mx-auto wpex-max-w-100 wpex-block wpex-h-0 wpex-border-b wpex-border-solid wpex-border-main\" style=\"width:30px;margin-block:20px;border-color:#2291eb;\"><\/div><div class=\"theme-button-wrap theme-button-expanded-wrap\"><a href=\"https:\/\/www.mariomarqueshoteleiros.com\/en\/mm-hoteleiros\/lavandaria\/\" class=\"vcex-button theme-button medium expanded expanded\"><span class=\"vcex-button-inner theme-button-inner wpex-flex wpex-flex-wrap wpex-items-center wpex-justify-center\">Learn More<\/span><\/a><\/div> <\/div><\/div><\/div><\/div><div class=\"vc_row wpb_row vc_row-fluid vc_custom_1711381204074 vc_row-o-equal-height vc_row-flex wpex-vc-full-width-row wpex-vc-full-width-row--centered wpex-relative wpex-vc_row-has-fill wpex-vc-reset-negative-margin\"><div class=\"wpb_column vc_column_container vc_col-sm-4\"><div class=\"vc_column-inner\"><div class=\"wpb_wrapper\"><style>.vcex-image.vcex_69ee02e494b45 .vcex-image-img{height:250px;}<\/style><figure class=\"vcex-image vcex-module vcex_69ee02e494b45\"><div class=\"vcex-image-inner wpex-relative wpex-inline-block\"><img width=\"613\" height=\"407\" src=\"https:\/\/www.mariomarqueshoteleiros.com\/wp-content\/uploads\/2024\/03\/logo_cool_high.jpg\" class=\"vcex-image-img wpex-align-middle wpex-object-cover\" alt=\"\" loading=\"lazy\" decoding=\"async\" srcset=\"https:\/\/www.mariomarqueshoteleiros.com\/wp-content\/uploads\/2024\/03\/logo_cool_high.jpg 613w, https:\/\/www.mariomarqueshoteleiros.com\/wp-content\/uploads\/2024\/03\/logo_cool_high-300x199.jpg 300w\" sizes=\"auto, (max-width: 613px) 100vw, 613px\" \/><\/div><\/figure><div class=\"vc_empty_space\"   style=\"height: 20px\"><span class=\"vc_empty_space_inner\"><\/span><\/div><div class=\"vcex-heading vcex-heading-plain vcex-module wpex-heading wpex-text-2xl wpex-text-center\"><span class=\"vcex-heading-inner wpex-inline-block\">Cold<\/span><\/div><div class=\"vcex-module vcex-divider vcex-divider-solid vcex-divider-center wpex-mx-auto wpex-max-w-100 wpex-block wpex-h-0 wpex-border-b wpex-border-solid wpex-border-main\" style=\"width:30px;margin-block:20px;border-color:#2291eb;\"><\/div><div class=\"theme-button-wrap theme-button-expanded-wrap\"><a href=\"https:\/\/www.mariomarqueshoteleiros.com\/en\/mm-hoteleiros\/frio\/\" class=\"vcex-button theme-button medium expanded expanded\"><span class=\"vcex-button-inner theme-button-inner wpex-flex wpex-flex-wrap wpex-items-center wpex-justify-center\">Learn More<\/span><\/a><\/div> <\/div><\/div><\/div><div class=\"wpb_column vc_column_container vc_col-sm-4\"><div class=\"vc_column-inner\"><div class=\"wpb_wrapper\"><style>.vcex-image.vcex_69ee02e497577 .vcex-image-img{height:250px;}<\/style><figure class=\"vcex-image vcex-module vcex_69ee02e497577\"><div class=\"vcex-image-inner wpex-relative wpex-inline-block\"><img width=\"435\" height=\"309\" src=\"https:\/\/www.mariomarqueshoteleiros.com\/wp-content\/uploads\/2024\/03\/logo_electr_high.jpg\" class=\"vcex-image-img wpex-align-middle wpex-object-cover\" alt=\"\" loading=\"lazy\" decoding=\"async\" srcset=\"https:\/\/www.mariomarqueshoteleiros.com\/wp-content\/uploads\/2024\/03\/logo_electr_high.jpg 435w, https:\/\/www.mariomarqueshoteleiros.com\/wp-content\/uploads\/2024\/03\/logo_electr_high-300x213.jpg 300w\" sizes=\"auto, (max-width: 435px) 100vw, 435px\" \/><\/div><\/figure><div class=\"vc_empty_space\"   style=\"height: 20px\"><span class=\"vc_empty_space_inner\"><\/span><\/div><div class=\"vcex-heading vcex-heading-plain vcex-module wpex-heading wpex-text-2xl wpex-text-center\"><span class=\"vcex-heading-inner wpex-inline-block\">System<\/span><\/div><div class=\"vcex-module vcex-divider vcex-divider-solid vcex-divider-center wpex-mx-auto wpex-max-w-100 wpex-block wpex-h-0 wpex-border-b wpex-border-solid wpex-border-main\" style=\"width:30px;margin-block:20px;border-color:#2291eb;\"><\/div><div class=\"theme-button-wrap theme-button-expanded-wrap\"><a href=\"https:\/\/www.mariomarqueshoteleiros.com\/en\/mm-hoteleiros\/system\/\" class=\"vcex-button theme-button medium expanded expanded\"><span class=\"vcex-button-inner theme-button-inner wpex-flex wpex-flex-wrap wpex-items-center wpex-justify-center\">Learn More<\/span><\/a><\/div> <\/div><\/div><\/div><div class=\"wpb_column vc_column_container vc_col-sm-4\"><div class=\"vc_column-inner\"><div class=\"wpb_wrapper\"><style>.vcex-image.vcex_69ee02e49a6e3 .vcex-image-img{border-radius:var(--wpex-rounded-sm);height:250px;}<\/style><figure class=\"vcex-image vcex-module vcex_69ee02e49a6e3\"><div class=\"vcex-image-inner wpex-relative wpex-inline-block\"><img width=\"445\" height=\"360\" src=\"https:\/\/www.mariomarqueshoteleiros.com\/wp-content\/uploads\/2024\/04\/logo_hig_high.jpg\" class=\"vcex-image-img wpex-align-middle wpex-object-cover\" alt=\"\" loading=\"lazy\" decoding=\"async\" srcset=\"https:\/\/www.mariomarqueshoteleiros.com\/wp-content\/uploads\/2024\/04\/logo_hig_high.jpg 445w, https:\/\/www.mariomarqueshoteleiros.com\/wp-content\/uploads\/2024\/04\/logo_hig_high-300x243.jpg 300w\" sizes=\"auto, (max-width: 445px) 100vw, 445px\" \/><\/div><\/figure><div class=\"vc_empty_space\"   style=\"height: 20px\"><span class=\"vc_empty_space_inner\"><\/span><\/div><div class=\"vcex-heading vcex-heading-plain vcex-module wpex-heading wpex-text-2xl wpex-text-center\"><span class=\"vcex-heading-inner wpex-inline-block\">Higiene &amp; Limpeza<\/span><\/div><div class=\"vcex-module vcex-divider vcex-divider-solid vcex-divider-center wpex-mx-auto wpex-max-w-100 wpex-block wpex-h-0 wpex-border-b wpex-border-solid wpex-border-main\" style=\"width:30px;margin-block:20px;border-color:#2291eb;\"><\/div><div class=\"theme-button-wrap theme-button-expanded-wrap\"><a href=\"https:\/\/www.mariomarqueshoteleiros.com\/en\/mm-hoteleiros\/higienelimpeza\/\" class=\"vcex-button theme-button medium expanded expanded\"><span class=\"vcex-button-inner theme-button-inner wpex-flex wpex-flex-wrap wpex-items-center wpex-justify-center\">Learn More<\/span><\/a><\/div> <\/div><\/div><\/div><\/div><div class=\"vc_row wpb_row vc_row-fluid vc_custom_1710258130735 wpex-vc-full-width-row wpex-vc-full-width-row--centered wpex-relative wpex-vc-has-custom-column-spacing wpex-vc-column-spacing-0px wpex-vc_row-has-fill wpex-vc-reset-negative-margin\"><div class=\"wpb_column vc_column_container vc_col-sm-12\"><div class=\"vc_column-inner\"><div class=\"wpb_wrapper\"><style>.vcex-heading.vcex_69ee02e49db47{color:#ffffff;font-size:28px;}<\/style><div class=\"vcex-heading vcex-heading-plain vcex-module wpex-heading wpex-text-2xl wpex-text-center vcex_69ee02e49db47\"><span class=\"vcex-heading-inner wpex-inline-block\">Find out what we can do for you<\/span><\/div><div class=\"vc_empty_space\"   style=\"height: 20px\"><span class=\"vc_empty_space_inner\"><\/span><\/div><style>.vcex-button.vcex_69ee02e49ea45{padding:8px 40px;font-size:16px;font-weight:600;}<\/style><div class=\"theme-button-wrap textcenter wpex-clr\"><a href=\"https:\/\/www.mariomarqueshoteleiros.com\/en\/contactos\/\" class=\"vcex-button theme-button outline white align-center inline vcex_69ee02e49ea45\" target=\"_blank\" rel=\"noopener noreferrer\"><span class=\"vcex-button-inner theme-button-inner wpex-flex wpex-flex-wrap wpex-items-center wpex-justify-center\"><span class=\"vcex-button-icon vcex-icon-wrap theme-button-icon-left\"><span class=\"wpex-icon\" aria-hidden=\"true\"><svg xmlns=\"http:\/\/www.w3.org\/2000\/svg\" viewbox=\"0 0 32 32\"><path d=\"M26.321 16.304l0.696 0.911q0.143 0.196 0.116 0.42t-0.205 0.366q-0.768 0.607-2.259 1.759t-2.616 2.018-1.196 0.92q-0.696 0.571-1.071 0.857t-1.080 0.732-1.366 0.652-1.321 0.205h-0.036q-0.661 0-1.321-0.205t-1.357-0.652-1.089-0.741-1.071-0.848q-0.089-0.071-1.161-0.902t-2.563-1.982-2.188-1.688q-0.196-0.143-0.223-0.366t0.116-0.42l0.661-0.929q0.143-0.196 0.384-0.232t0.438 0.125q1.679 1.304 5.464 4.214 0.089 0.071 0.777 0.625t1.080 0.83 1.009 0.58 1.045 0.304h0.036q0.429 0 1.045-0.304t1.009-0.58 1.080-0.83 0.777-0.625q4.607-3.536 5.589-4.321 0.196-0.143 0.429-0.116t0.375 0.223zM29.714 29.143v-16.571q-1.607-1.482-2.839-2.482-1.625-1.321-6.946-5.429-0.054-0.036-0.768-0.625t-1.089-0.857-1-0.58-1.054-0.313h-0.036q-0.429 0-1.054 0.313t-1 0.58-1.089 0.857-0.768 0.625q-3.839 2.964-5.634 4.384t-2.313 1.857-1.464 1.33q-0.25 0.214-0.375 0.339v16.571q0 0.232 0.17 0.402t0.402 0.17h26.286q0.232 0 0.402-0.17t0.17-0.402zM32 12.571v16.571q0 1.179-0.839 2.018t-2.018 0.839h-26.286q-1.179 0-2.018-0.839t-0.839-2.018v-16.571q0-1 0.732-1.679 2.196-2.036 6.25-5.188t4.161-3.241q0.643-0.536 1.054-0.848t1.098-0.75 1.357-0.652 1.33-0.214h0.036q0.661 0 1.33 0.214t1.357 0.652 1.098 0.75 1.054 0.848q0.768 0.643 2.786 2.179t4.036 3.161 3.589 3.089q0.732 0.679 0.732 1.679z\"><\/path><\/svg><\/span><\/span>Contact us<\/span><\/a><\/div> <\/div><\/div><\/div><\/div>\n<\/div>","protected":false},"excerpt":{"rendered":"Equipamentos HoteleirosTransforme o seu espa\u00e7o \u00e0 medida das suas exig\u00eancias e bom gosto! Temos muitos mais produtos, do que os publicados. Contacte-nos para mais informa\u00e7\u00f5es!Caf\u00e9\/Bar\/RestauranteSaber Mais CozinhaSaber Mais LavandariaSaber Mais FrioSaber Mais SystemSaber Mais Higiene &amp; LimpezaSaber Mais Descubra o que podemos fazer por siContacte-nos","protected":false},"author":1,"featured_media":0,"parent":0,"menu_order":0,"comment_status":"open","ping_status":"closed","template":"","meta":{"footnotes":""},"class_list":["post-78","page","type-page","status-publish","hentry","entry","no-media"],"_links":{"self":[{"href":"https:\/\/www.mariomarqueshoteleiros.com\/en\/wp-json\/wp\/v2\/pages\/78","targetHints":{"allow":["GET"]}}],"collection":[{"href":"https:\/\/www.mariomarqueshoteleiros.com\/en\/wp-json\/wp\/v2\/pages"}],"about":[{"href":"https:\/\/www.mariomarqueshoteleiros.com\/en\/wp-json\/wp\/v2\/types\/page"}],"author":[{"embeddable":true,"href":"https:\/\/www.mariomarqueshoteleiros.com\/en\/wp-json\/wp\/v2\/users\/1"}],"replies":[{"embeddable":true,"href":"https:\/\/www.mariomarqueshoteleiros.com\/en\/wp-json\/wp\/v2\/comments?post=78"}],"version-history":[{"count":0,"href":"https:\/\/www.mariomarqueshoteleiros.com\/en\/wp-json\/wp\/v2\/pages\/78\/revisions"}],"wp:attachment":[{"href":"https:\/\/www.mariomarqueshoteleiros.com\/en\/wp-json\/wp\/v2\/media?parent=78"}],"curies":[{"name":"wp","href":"https:\/\/api.w.org\/{rel}","templated":true}]}}