{"id":2296,"date":"2024-04-03T23:13:56","date_gmt":"2024-04-03T23:13:56","guid":{"rendered":"https:\/\/www.mariomarqueshoteleiros.com\/?post_type=product&#038;p=2296"},"modified":"2025-03-17T00:28:52","modified_gmt":"2025-03-17T00:28:52","slug":"lote-topazio","status":"publish","type":"product","link":"https:\/\/www.mariomarqueshoteleiros.com\/en\/mm-cafes\/cafes\/lote-topazio\/","title":{"rendered":"Topaz Plot"},"content":{"rendered":"<div class=\"wpb-content-wrapper\"><div class=\"vc_row wpb_row vc_row-fluid wpex-relative\"><div class=\"wpb_column vc_column_container vc_col-sm-12\"><div class=\"vc_column-inner\"><div class=\"wpb_wrapper\"><div><iframe width=\"100%\" height=\"800\" src=\"https:\/\/www.mariomarqueshoteleiros.com\/wp-content\/plugins\/wp-media-folder\/class\/templates\/pdf-embed.php?file=https%3A%2F%2Fwww.mariomarqueshoteleiros.com%2Fwp-content%2Fuploads%2F2024%2F04%2FLote_Cafe_Topazio.pdf&#038;plugins_url=https%3A%2F%2Fwww.mariomarqueshoteleiros.com%2Fwp-content%2Fplugins%2Fwp-media-folder%2F\" title=\"Embedded PDF\" class=\"wpmf-pdfjs-iframe\"><\/iframe><\/div><\/div><\/div><\/div><\/div>\n<\/div>","protected":false},"excerpt":{"rendered":"<p>Proveniente das origens mais ex\u00f3ticas, levemente aveludado, de sabor forte e com todo o aroma do verdadeiro caf\u00e9, possui uma fragr\u00e2ncia inconfund\u00edvel<\/p>\n<ul>\n<li>Embalagem: 1KG<\/li>\n<li>Tipo: em grao<\/li>\n<\/ul>","protected":false},"featured_media":2343,"comment_status":"open","ping_status":"closed","template":"","meta":[],"product_brand":[],"product_cat":[159],"product_tag":[],"class_list":{"0":"post-2296","1":"product","2":"type-product","3":"status-publish","4":"has-post-thumbnail","6":"product_cat-lotes","7":"entry","8":"has-media","10":"first","11":"instock","12":"shipping-taxable","13":"purchasable","14":"product-type-simple"},"_links":{"self":[{"href":"https:\/\/www.mariomarqueshoteleiros.com\/en\/wp-json\/wp\/v2\/product\/2296","targetHints":{"allow":["GET"]}}],"collection":[{"href":"https:\/\/www.mariomarqueshoteleiros.com\/en\/wp-json\/wp\/v2\/product"}],"about":[{"href":"https:\/\/www.mariomarqueshoteleiros.com\/en\/wp-json\/wp\/v2\/types\/product"}],"replies":[{"embeddable":true,"href":"https:\/\/www.mariomarqueshoteleiros.com\/en\/wp-json\/wp\/v2\/comments?post=2296"}],"wp:featuredmedia":[{"embeddable":true,"href":"https:\/\/www.mariomarqueshoteleiros.com\/en\/wp-json\/wp\/v2\/media\/2343"}],"wp:attachment":[{"href":"https:\/\/www.mariomarqueshoteleiros.com\/en\/wp-json\/wp\/v2\/media?parent=2296"}],"wp:term":[{"taxonomy":"product_brand","embeddable":true,"href":"https:\/\/www.mariomarqueshoteleiros.com\/en\/wp-json\/wp\/v2\/product_brand?post=2296"},{"taxonomy":"product_cat","embeddable":true,"href":"https:\/\/www.mariomarqueshoteleiros.com\/en\/wp-json\/wp\/v2\/product_cat?post=2296"},{"taxonomy":"product_tag","embeddable":true,"href":"https:\/\/www.mariomarqueshoteleiros.com\/en\/wp-json\/wp\/v2\/product_tag?post=2296"}],"curies":[{"name":"wp","href":"https:\/\/api.w.org\/{rel}","templated":true}]}}